{"id":466,"date":"2020-02-19T10:56:00","date_gmt":"2020-02-19T07:56:00","guid":{"rendered":"http:\/\/tedx.blisankara.org\/?page_id=466"},"modified":"2026-01-22T15:56:08","modified_gmt":"2026-01-22T12:56:08","slug":"contact-us","status":"publish","type":"page","link":"https:\/\/tedx.blis.k12.tr\/?page_id=466","title":{"rendered":"Contact Us"},"content":{"rendered":"<p>[et_pb_section fb_built=&#8221;1&#8243; admin_label=&#8221;Header &#038; Contact Info&#8221; _builder_version=&#8221;4.27.4&#8243; _module_preset=&#8221;default&#8221; locked=&#8221;off&#8221; collapsed=&#8221;on&#8221; global_colors_info=&#8221;{}&#8221;][et_pb_row _builder_version=&#8221;4.21.0&#8243; _module_preset=&#8221;default&#8221; global_colors_info=&#8221;{}&#8221;][et_pb_column type=&#8221;4_4&#8243; _builder_version=&#8221;4.21.0&#8243; _module_preset=&#8221;default&#8221; global_colors_info=&#8221;{}&#8221;][et_pb_text _builder_version=&#8221;4.21.0&#8243; _module_preset=&#8221;cafa0570-d3a0-4c23-9ce4-4dae42098bad&#8221; global_colors_info=&#8221;{}&#8221; inline_fonts=&#8221;Akronim&#8221;]<\/p>\n<h1><span style=\"font-family: Akronim; font-weight: normal;\">\u0130leti\u015fim<\/span><\/h1>\n<p>[\/et_pb_text][\/et_pb_column][\/et_pb_row][\/et_pb_section][et_pb_section fb_built=&#8221;1&#8243; admin_label=&#8221;Footer&#8221; _builder_version=&#8221;4.21.0&#8243; _module_preset=&#8221;default&#8221; background_color=&#8221;gcid-0dd65ac1-b501-41d8-8d6b-bb3a9daf5c2a&#8221; saved_tabs=&#8221;all&#8221; locked=&#8221;off&#8221; collapsed=&#8221;on&#8221; global_colors_info=&#8221;{%22gcid-0dd65ac1-b501-41d8-8d6b-bb3a9daf5c2a%22:%91%22background_color%22%93}&#8221;][et_pb_row column_structure=&#8221;2_5,3_5&#8243; _builder_version=&#8221;4.21.0&#8243; _module_preset=&#8221;default&#8221; global_colors_info=&#8221;{}&#8221;][et_pb_column type=&#8221;2_5&#8243; _builder_version=&#8221;4.21.0&#8243; _module_preset=&#8221;default&#8221; global_colors_info=&#8221;{}&#8221;][et_pb_text _builder_version=&#8221;4.27.5&#8243; _module_preset=&#8221;f6ed3527-1145-47e5-817f-08a952191b8d&#8221; custom_margin=&#8221;||0px||false|false&#8221; hover_enabled=&#8221;0&#8243; global_colors_info=&#8221;{}&#8221; custom_padding=&#8221;1px|||||&#8221; sticky_enabled=&#8221;0&#8243;]<\/p>\n<h6>Aray\u0131n<\/h6>\n<p>[\/et_pb_text][et_pb_text _builder_version=&#8221;4.20.4&#8243; _module_preset=&#8221;8ac4a5eb-d157-4260-836f-a291e132ed46&#8243; global_colors_info=&#8221;{}&#8221;]<\/p>\n<h4><span style=\"color: #000000; font-size: x-large;\">+90(535) 828 16 16<\/span><\/h4>\n<p>[\/et_pb_text][et_pb_text _builder_version=&#8221;4.27.5&#8243; _module_preset=&#8221;f6ed3527-1145-47e5-817f-08a952191b8d&#8221; custom_margin=&#8221;||0px||false|false&#8221; hover_enabled=&#8221;0&#8243; global_colors_info=&#8221;{}&#8221; sticky_enabled=&#8221;0&#8243;]<\/p>\n<h6>E-Posta<\/h6>\n<p>[\/et_pb_text][et_pb_text _builder_version=&#8221;4.27.4&#8243; _module_preset=&#8221;ebe924fe-6ea6-4849-812c-5dfa938f1c2a&#8221; link_text_color=&#8221;gcid-9c2b1d03-730f-4a4a-96c1-7a483c6994a2&#8243; min_height=&#8221;48.8px&#8221; custom_padding=&#8221;||0px|||&#8221; inline_fonts=&#8221;ABeeZee&#8221; global_colors_info=&#8221;{%22gcid-9c2b1d03-730f-4a4a-96c1-7a483c6994a2%22:%91%22link_text_color%22%93}&#8221;]<\/p>\n<blockquote><\/blockquote>\n<p><span style=\"font-family: inherit; font-weight: normal; font-size: x-large; color: #000000;\"><strong>tedxblis3@gmail.com<\/strong><\/span><\/p>\n<blockquote><\/blockquote>\n<p>[\/et_pb_text][et_pb_text _builder_version=&#8221;4.27.5&#8243; _module_preset=&#8221;f6ed3527-1145-47e5-817f-08a952191b8d&#8221; custom_margin=&#8221;||0px||false|false&#8221; hover_enabled=&#8221;0&#8243; global_colors_info=&#8221;{}&#8221; sticky_enabled=&#8221;0&#8243;]<\/p>\n<h6>Addres<\/h6>\n<p>[\/et_pb_text][et_pb_text _builder_version=&#8221;4.20.4&#8243; _module_preset=&#8221;ebe924fe-6ea6-4849-812c-5dfa938f1c2a&#8221; link_text_color=&#8221;gcid-9c2b1d03-730f-4a4a-96c1-7a483c6994a2&#8243; custom_margin=&#8221;||0px||false|false&#8221; global_colors_info=&#8221;{%22gcid-9c2b1d03-730f-4a4a-96c1-7a483c6994a2%22:%91%22link_text_color%22%93}&#8221;]<\/p>\n<p><span>\u00dcniversiteler Mah. Do\u011fu Kamp\u00fcs, Bilkent<\/span><br \/><span>Ankara 06800<\/span><br \/><span>T\u00fcrkiye<\/span><\/p>\n<p>[\/et_pb_text][\/et_pb_column][et_pb_column type=&#8221;3_5&#8243; _builder_version=&#8221;4.21.0&#8243; _module_preset=&#8221;default&#8221; global_colors_info=&#8221;{}&#8221;][et_pb_contact_form captcha=&#8221;off&#8221; email=&#8221;tedxblis3@gmail.com&#8221; custom_message=&#8221;Yeni bir ileti\u015fim formu mesaj\u0131 ald\u0131n\u0131z:||et_pb_line_break_holder||||et_pb_line_break_holder||\u0130sim: %%name%%||et_pb_line_break_holder||E-posta: %%email%%||et_pb_line_break_holder||Mesaj:||et_pb_line_break_holder||%%message%%||et_pb_line_break_holder||||et_pb_line_break_holder||G\u00f6nderim Tarihi: %%date%%||et_pb_line_break_holder||IP Adresi: %%ip%%||et_pb_line_break_holder||&#8221; _builder_version=&#8221;4.27.5&#8243; _module_preset=&#8221;e201b129-5df3-4a76-a7c2-a1eedc024e8f&#8221; hover_enabled=&#8221;0&#8243; locked=&#8221;off&#8221; global_colors_info=&#8221;{%22gcid-73408ef3-8d7e-4e2c-a307-3f6f154d7ffc%22:%91%22button_bg_color%22%93,%22gcid-0dd65ac1-b501-41d8-8d6b-bb3a9daf5c2a%22:%91%22button_text_color%22,%22form_field_text_color%22%93}&#8221; sticky_enabled=&#8221;0&#8243;][et_pb_contact_field field_id=&#8221;\u0130sim&#8221; field_title=&#8221;\u0130sim&#8221; fullwidth_field=&#8221;on&#8221; _builder_version=&#8221;4.27.5&#8243; _module_preset=&#8221;default&#8221; hover_enabled=&#8221;0&#8243; global_colors_info=&#8221;{}&#8221; button_text_size__hover_enabled=&#8221;off&#8221; button_one_text_size__hover_enabled=&#8221;off&#8221; button_two_text_size__hover_enabled=&#8221;off&#8221; button_text_color__hover_enabled=&#8221;off&#8221; button_one_text_color__hover_enabled=&#8221;off&#8221; button_two_text_color__hover_enabled=&#8221;off&#8221; button_border_width__hover_enabled=&#8221;off&#8221; button_one_border_width__hover_enabled=&#8221;off&#8221; button_two_border_width__hover_enabled=&#8221;off&#8221; button_border_color__hover_enabled=&#8221;off&#8221; button_one_border_color__hover_enabled=&#8221;off&#8221; button_two_border_color__hover_enabled=&#8221;off&#8221; button_border_radius__hover_enabled=&#8221;off&#8221; button_one_border_radius__hover_enabled=&#8221;off&#8221; button_two_border_radius__hover_enabled=&#8221;off&#8221; button_letter_spacing__hover_enabled=&#8221;off&#8221; button_one_letter_spacing__hover_enabled=&#8221;off&#8221; button_two_letter_spacing__hover_enabled=&#8221;off&#8221; button_bg_color__hover_enabled=&#8221;off&#8221; button_one_bg_color__hover_enabled=&#8221;off&#8221; button_two_bg_color__hover_enabled=&#8221;off&#8221; sticky_enabled=&#8221;0&#8243;][\/et_pb_contact_field][et_pb_contact_field field_id=&#8221;E-Posta&#8221; field_title=&#8221;E-Posta&#8221; field_type=&#8221;email&#8221; fullwidth_field=&#8221;on&#8221; _builder_version=&#8221;4.27.5&#8243; _module_preset=&#8221;default&#8221; hover_enabled=&#8221;0&#8243; global_colors_info=&#8221;{}&#8221; button_text_size__hover_enabled=&#8221;off&#8221; button_one_text_size__hover_enabled=&#8221;off&#8221; button_two_text_size__hover_enabled=&#8221;off&#8221; button_text_color__hover_enabled=&#8221;off&#8221; button_one_text_color__hover_enabled=&#8221;off&#8221; button_two_text_color__hover_enabled=&#8221;off&#8221; button_border_width__hover_enabled=&#8221;off&#8221; button_one_border_width__hover_enabled=&#8221;off&#8221; button_two_border_width__hover_enabled=&#8221;off&#8221; button_border_color__hover_enabled=&#8221;off&#8221; button_one_border_color__hover_enabled=&#8221;off&#8221; button_two_border_color__hover_enabled=&#8221;off&#8221; button_border_radius__hover_enabled=&#8221;off&#8221; button_one_border_radius__hover_enabled=&#8221;off&#8221; button_two_border_radius__hover_enabled=&#8221;off&#8221; button_letter_spacing__hover_enabled=&#8221;off&#8221; button_one_letter_spacing__hover_enabled=&#8221;off&#8221; button_two_letter_spacing__hover_enabled=&#8221;off&#8221; button_bg_color__hover_enabled=&#8221;off&#8221; button_one_bg_color__hover_enabled=&#8221;off&#8221; button_two_bg_color__hover_enabled=&#8221;off&#8221; sticky_enabled=&#8221;0&#8243;][\/et_pb_contact_field][et_pb_contact_field field_id=&#8221;Mesaj&#8221; field_title=&#8221;Mesaj&#8221; field_type=&#8221;text&#8221; fullwidth_field=&#8221;on&#8221; _builder_version=&#8221;4.27.5&#8243; _module_preset=&#8221;default&#8221; hover_enabled=&#8221;0&#8243; global_colors_info=&#8221;{}&#8221; button_text_size__hover_enabled=&#8221;off&#8221; button_one_text_size__hover_enabled=&#8221;off&#8221; button_two_text_size__hover_enabled=&#8221;off&#8221; button_text_color__hover_enabled=&#8221;off&#8221; button_one_text_color__hover_enabled=&#8221;off&#8221; button_two_text_color__hover_enabled=&#8221;off&#8221; button_border_width__hover_enabled=&#8221;off&#8221; button_one_border_width__hover_enabled=&#8221;off&#8221; button_two_border_width__hover_enabled=&#8221;off&#8221; button_border_color__hover_enabled=&#8221;off&#8221; button_one_border_color__hover_enabled=&#8221;off&#8221; button_two_border_color__hover_enabled=&#8221;off&#8221; button_border_radius__hover_enabled=&#8221;off&#8221; button_one_border_radius__hover_enabled=&#8221;off&#8221; button_two_border_radius__hover_enabled=&#8221;off&#8221; button_letter_spacing__hover_enabled=&#8221;off&#8221; button_one_letter_spacing__hover_enabled=&#8221;off&#8221; button_two_letter_spacing__hover_enabled=&#8221;off&#8221; button_bg_color__hover_enabled=&#8221;off&#8221; button_one_bg_color__hover_enabled=&#8221;off&#8221; button_two_bg_color__hover_enabled=&#8221;off&#8221; sticky_enabled=&#8221;0&#8243;][\/et_pb_contact_field][\/et_pb_contact_form][et_pb_cta button_text=&#8221;Click Here&#8221; _builder_version=&#8221;4.27.5&#8243; _module_preset=&#8221;default&#8221; hover_enabled=&#8221;0&#8243; global_colors_info=&#8221;{}&#8221; sticky_enabled=&#8221;0&#8243;]<\/p>\n<h3><span>BLIS Ekibi ile Ba\u011flant\u0131ya Ge\u00e7in.<\/span><\/h3>\n<p><span><\/span><\/p>\n<p>Mesaj\u0131n\u0131z\u0131 ald\u0131k. En k\u0131sa zamanda size d\u00f6nece\u011fiz.<\/p>\n<p>[\/et_pb_cta][\/et_pb_column][\/et_pb_row][et_pb_row column_structure=&#8221;1_3,1_3,1_3&#8243; _builder_version=&#8221;4.27.5&#8243; _module_preset=&#8221;default&#8221; background_image=&#8221;http:\/\/tedx.blisankara.org\/wp-content\/uploads\/2024\/03\/Screen-Shot-2024-03-12-at-08.07.42.png&#8221; hover_enabled=&#8221;0&#8243; global_colors_info=&#8221;{}&#8221; sticky_enabled=&#8221;0&#8243;][et_pb_column type=&#8221;1_3&#8243; _builder_version=&#8221;4.21.0&#8243; _module_preset=&#8221;default&#8221; global_colors_info=&#8221;{}&#8221;][\/et_pb_column][et_pb_column type=&#8221;1_3&#8243; _builder_version=&#8221;4.21.0&#8243; _module_preset=&#8221;default&#8221; global_colors_info=&#8221;{}&#8221;][et_pb_text _builder_version=&#8221;4.21.0&#8243; _module_preset=&#8221;ebe924fe-6ea6-4849-812c-5dfa938f1c2a&#8221; text_text_color=&#8221;#FFFFFF&#8221; custom_margin=&#8221;||0px||false|false&#8221; hover_enabled=&#8221;0&#8243; locked=&#8221;off&#8221; global_colors_info=&#8221;{}&#8221; sticky_enabled=&#8221;0&#8243;][\/et_pb_text][\/et_pb_column][et_pb_column type=&#8221;1_3&#8243; _builder_version=&#8221;4.21.0&#8243; _module_preset=&#8221;default&#8221; global_colors_info=&#8221;{}&#8221;][\/et_pb_column][\/et_pb_row][et_pb_row _builder_version=&#8221;4.21.0&#8243; _module_preset=&#8221;default&#8221; global_colors_info=&#8221;{}&#8221;][et_pb_column type=&#8221;4_4&#8243; _builder_version=&#8221;4.21.0&#8243; _module_preset=&#8221;default&#8221; global_colors_info=&#8221;{}&#8221;][et_pb_social_media_follow icon_color=&#8221;gcid-0dd65ac1-b501-41d8-8d6b-bb3a9daf5c2a&#8221; _builder_version=&#8221;4.21.0&#8243; _module_preset=&#8221;default&#8221; text_orientation=&#8221;center&#8221; text_orientation_tablet=&#8221;left&#8221; text_orientation_phone=&#8221;&#8221; text_orientation_last_edited=&#8221;on|tablet&#8221; border_radii=&#8221;on|100px|100px|100px|100px&#8221; global_colors_info=&#8221;{%22gcid-0dd65ac1-b501-41d8-8d6b-bb3a9daf5c2a%22:%91%22icon_color%22%93}&#8221;][et_pb_social_media_follow_network social_network=&#8221;facebook&#8221; _builder_version=&#8221;4.21.0&#8243; _module_preset=&#8221;default&#8221; background_color=&#8221;gcid-73408ef3-8d7e-4e2c-a307-3f6f154d7ffc&#8221; background_enable_color=&#8221;on&#8221; custom_padding=&#8221;4px|4px|4px|4px|true|true&#8221; global_colors_info=&#8221;{%22gcid-73408ef3-8d7e-4e2c-a307-3f6f154d7ffc%22:%91%22background_color%22%93}&#8221; follow_button=&#8221;off&#8221; url_new_window=&#8221;on&#8221;]facebook[\/et_pb_social_media_follow_network][et_pb_social_media_follow_network social_network=&#8221;twitter&#8221; _builder_version=&#8221;4.21.0&#8243; _module_preset=&#8221;default&#8221; background_color=&#8221;gcid-73408ef3-8d7e-4e2c-a307-3f6f154d7ffc&#8221; background_enable_color=&#8221;on&#8221; custom_padding=&#8221;4px|4px|4px|4px|true|true&#8221; global_colors_info=&#8221;{%22gcid-73408ef3-8d7e-4e2c-a307-3f6f154d7ffc%22:%91%22background_color%22,%22background_color%22%93}&#8221; follow_button=&#8221;off&#8221; url_new_window=&#8221;on&#8221;]twitter[\/et_pb_social_media_follow_network][et_pb_social_media_follow_network social_network=&#8221;instagram&#8221; _builder_version=&#8221;4.21.0&#8243; _module_preset=&#8221;default&#8221; background_color=&#8221;gcid-73408ef3-8d7e-4e2c-a307-3f6f154d7ffc&#8221; background_enable_color=&#8221;on&#8221; custom_padding=&#8221;4px|4px|4px|4px|true|true&#8221; global_colors_info=&#8221;{%22gcid-73408ef3-8d7e-4e2c-a307-3f6f154d7ffc%22:%91%22background_color%22,%22background_color%22%93}&#8221; follow_button=&#8221;off&#8221; url_new_window=&#8221;on&#8221;]instagram[\/et_pb_social_media_follow_network][\/et_pb_social_media_follow][\/et_pb_column][\/et_pb_row][et_pb_row _builder_version=&#8221;4.21.0&#8243; _module_preset=&#8221;default&#8221; width=&#8221;100%&#8221; max_width=&#8221;100%&#8221; custom_padding=&#8221;|10%||10%|false|true&#8221; border_width_top=&#8221;2px&#8221; global_colors_info=&#8221;{}&#8221;][et_pb_column type=&#8221;4_4&#8243; _builder_version=&#8221;4.21.0&#8243; _module_preset=&#8221;default&#8221; global_colors_info=&#8221;{}&#8221;][\/et_pb_column][\/et_pb_row][\/et_pb_section]<\/p>\n","protected":false},"excerpt":{"rendered":"<p>\u0130leti\u015fimAray\u0131n+90(535) 828 16 16E-Posta tedxblis3@gmail.com Addres\u00dcniversiteler Mah. Do\u011fu Kamp\u00fcs, BilkentAnkara 06800T\u00fcrkiyeBLIS Ekibi ile Ba\u011flant\u0131ya Ge\u00e7in. Mesaj\u0131n\u0131z\u0131 ald\u0131k. En k\u0131sa zamanda size d\u00f6nece\u011fiz.<\/p>\n","protected":false},"author":1,"featured_media":356,"parent":0,"menu_order":0,"comment_status":"closed","ping_status":"closed","template":"","meta":{"_et_pb_use_builder":"on","_et_pb_old_content":"<!-- wp:html -->\n<div id=\"contact-1\" class=\"contact-1 content-section content-section-spacing white-text\" style=\"background-image: url('http:\/\/tedx.blisankara.org\/wp-content\/uploads\/2020\/02\/Untitled-4.png'); background-size: cover; background-position: center top;\" data-label=\"Contact\" data-id=\"contact-1\" data-export-id=\"contact-1\" data-category=\"contact\" data-parallax-depth=\"20\">\n<div class=\"gridContainer\">\n<div class=\"row text-center\">\n<div class=\"section-title-col\" data-type=\"column\">\n\n<p class=\"lead\">If you have any questions, don\u2019t hesitate to ask.<\/p>\n<\/div>\n<\/div>\n<div class=\"row text-center\">\n<div class=\"col-xs-12 col-sm-8 col-sm-offset-2 contact-form-wrapper inline-info\">\n<div class=\"card large-padding\">\n<div class=\"\" data-content-shortcode=\"mesmerize_contact_form shortcode=&quot;contact-form-7 id=&amp;amp;quot;4&amp;amp;quot; title=&amp;amp;quot;Contact form 1&amp;amp;quot;&quot;\" data-editable=\"true\">[mesmerize_contact_form shortcode=\"contact-form-7 id=&amp;quot;4&amp;quot; title=&amp;quot;Contact form 1&amp;quot;\"]<\/div>\n<\/div>\n<\/div>\n<\/div>\n<\/div>\n<\/div>\n<!-- \/wp:html -->","_et_gb_content_width":"","footnotes":""},"class_list":["post-466","page","type-page","status-publish","has-post-thumbnail","hentry"],"_links":{"self":[{"href":"https:\/\/tedx.blis.k12.tr\/index.php?rest_route=\/wp\/v2\/pages\/466","targetHints":{"allow":["GET"]}}],"collection":[{"href":"https:\/\/tedx.blis.k12.tr\/index.php?rest_route=\/wp\/v2\/pages"}],"about":[{"href":"https:\/\/tedx.blis.k12.tr\/index.php?rest_route=\/wp\/v2\/types\/page"}],"author":[{"embeddable":true,"href":"https:\/\/tedx.blis.k12.tr\/index.php?rest_route=\/wp\/v2\/users\/1"}],"replies":[{"embeddable":true,"href":"https:\/\/tedx.blis.k12.tr\/index.php?rest_route=%2Fwp%2Fv2%2Fcomments&post=466"}],"version-history":[{"count":19,"href":"https:\/\/tedx.blis.k12.tr\/index.php?rest_route=\/wp\/v2\/pages\/466\/revisions"}],"predecessor-version":[{"id":1137,"href":"https:\/\/tedx.blis.k12.tr\/index.php?rest_route=\/wp\/v2\/pages\/466\/revisions\/1137"}],"wp:featuredmedia":[{"embeddable":true,"href":"https:\/\/tedx.blis.k12.tr\/index.php?rest_route=\/wp\/v2\/media\/356"}],"wp:attachment":[{"href":"https:\/\/tedx.blis.k12.tr\/index.php?rest_route=%2Fwp%2Fv2%2Fmedia&parent=466"}],"curies":[{"name":"wp","href":"https:\/\/api.w.org\/{rel}","templated":true}]}}