{"id":463,"date":"2020-02-19T10:56:00","date_gmt":"2020-02-19T10:56:00","guid":{"rendered":"http:\/\/tedx.blisankara.org\/?page_id=463"},"modified":"2026-01-22T15:52:14","modified_gmt":"2026-01-22T12:52:14","slug":"about-us","status":"publish","type":"page","link":"https:\/\/tedx.blis.k12.tr\/?page_id=463","title":{"rendered":"About Us"},"content":{"rendered":"<p>[et_pb_section fb_built=&#8221;1&#8243; admin_label=&#8221;Header&#8221; _builder_version=&#8221;4.20.4&#8243; _module_preset=&#8221;default&#8221; background_image=&#8221;http:\/\/tedx.blisankara.org\/wp-content\/uploads\/2022\/01\/image_2022-01-05_134330.png&#8221; custom_padding=&#8221;6vw||6vw||true|false&#8221; collapsed=&#8221;on&#8221; global_colors_info=&#8221;{}&#8221;][et_pb_row _builder_version=&#8221;4.20.0&#8243; _module_preset=&#8221;default&#8221; background_color=&#8221;gcid-ad629ad7-29bc-4d34-a428-476c380868ee&#8221; custom_padding=&#8221;|30px||30px|false|true&#8221; border_radii=&#8221;on|10px|10px|10px|10px&#8221; global_colors_info=&#8221;{%22gcid-ad629ad7-29bc-4d34-a428-476c380868ee%22:%91%22background_color%22%93}&#8221;][et_pb_column type=&#8221;4_4&#8243; _builder_version=&#8221;4.20.0&#8243; _module_preset=&#8221;default&#8221; global_colors_info=&#8221;{}&#8221;][et_pb_text _builder_version=&#8221;4.20.0&#8243; _module_preset=&#8221;b6392181-04e3-4dfe-a312-923755515149&#8243; header_text_color=&#8221;#FFFFFF&#8221; text_orientation=&#8221;center&#8221; global_colors_info=&#8221;{}&#8221;]<\/p>\n<h1>Hakk\u0131m\u0131zda<\/h1>\n<p>[\/et_pb_text][\/et_pb_column][\/et_pb_row][\/et_pb_section][et_pb_section fb_built=&#8221;1&#8243; admin_label=&#8221;About&#8221; _builder_version=&#8221;4.20.0&#8243; _module_preset=&#8221;default&#8221; background_color=&#8221;gcid-c22116c1-81a4-4cbf-84dc-c3f928405165&#8243; collapsed=&#8221;on&#8221; global_colors_info=&#8221;{%22gcid-c22116c1-81a4-4cbf-84dc-c3f928405165%22:%91%22background_color%22%93}&#8221;][et_pb_row column_structure=&#8221;1_2,1_2&#8243; _builder_version=&#8221;4.20.0&#8243; _module_preset=&#8221;default&#8221; global_colors_info=&#8221;{}&#8221;][et_pb_column type=&#8221;1_2&#8243; _builder_version=&#8221;4.20.0&#8243; _module_preset=&#8221;default&#8221; global_colors_info=&#8221;{}&#8221;][et_pb_text _builder_version=&#8221;4.20.0&#8243; _module_preset=&#8221;5029b0c8-7730-421a-8ab3-8f5356614197&#8243; global_colors_info=&#8221;{}&#8221; inline_fonts=&#8221;Akaya Telivigala&#8221;]<\/p>\n<h2><span style=\"font-size: xx-large; font-family: 'Akaya Telivigala'; font-weight: normal;\">Sanat\u0131 desteklemek<\/span><\/h2>\n<p>[\/et_pb_text][et_pb_text _builder_version=&#8221;4.27.5&#8243; _module_preset=&#8221;bbd5220b-9d2e-44ae-9c90-fde44ff75b86&#8243; hover_enabled=&#8221;0&#8243; global_colors_info=&#8221;{}&#8221; sticky_enabled=&#8221;0&#8243;]<\/p>\n<p data-start=\"47\" data-end=\"551\"><strong data-start=\"47\" data-end=\"65\">TEDxBLIS Youth<\/strong>, BLIS \u00f6\u011frencileri taraf\u0131ndan y\u00fcr\u00fct\u00fclen, ba\u011f\u0131ms\u0131z olarak organize edilen bir TEDx etkinli\u011fidir ve yay\u0131lmaya de\u011fer fikirleri kutlamak ve payla\u015fmak amac\u0131yla d\u00fczenlenmektedir. Misyonumuz; okulumuz ve yerel toplulu\u011fumuz i\u00e7inde merak duygusunu, yarat\u0131c\u0131l\u0131\u011f\u0131 ve anlaml\u0131 sohbetleri te\u015fvik etmektir. Her y\u0131l, bak\u0131\u015f a\u00e7\u0131lar\u0131n\u0131 sorgulayan ve harekete ge\u00e7iren hik\u00e2ye ve fikirlerini payla\u015fmak \u00fczere tutkulu \u00f6\u011frenci konu\u015fmac\u0131lar\u0131, performans sanat\u00e7\u0131lar\u0131n\u0131 ve yenilik\u00e7i gen\u00e7leri bir araya getiriyoruz.<\/p>\n<p data-start=\"553\" data-end=\"805\">Bu etkinlik, gen\u00e7 seslerin parlayabilece\u011fi, fikirlerin geli\u015febilece\u011fi ve her kat\u0131l\u0131mc\u0131n\u0131n motive olmu\u015f ve ilham alm\u0131\u015f bir \u015fekilde ayr\u0131labilece\u011fi bir platform olu\u015fturmak amac\u0131yla ekibimize liderlik eden <strong data-start=\"755\" data-end=\"771\">Mert Erdo\u011fan<\/strong> taraf\u0131ndan organize edilmektedir.<\/p>\n<p>[\/et_pb_text][\/et_pb_column][et_pb_column type=&#8221;1_2&#8243; _builder_version=&#8221;4.20.0&#8243; _module_preset=&#8221;default&#8221; global_colors_info=&#8221;{}&#8221;][et_pb_image src=&#8221;http:\/\/tedx.blisankara.org\/wp-content\/uploads\/2022\/02\/image01.jpeg&#8221; title_text=&#8221;image01&#8243; _builder_version=&#8221;4.20.4&#8243; _module_preset=&#8221;default&#8221; border_radii=&#8221;off|10px|300px|300px|10px&#8221; global_colors_info=&#8221;{}&#8221;][\/et_pb_image][\/et_pb_column][\/et_pb_row][\/et_pb_section][et_pb_section fb_built=&#8221;1&#8243; admin_label=&#8221;Features&#8221; _builder_version=&#8221;4.20.0&#8243; _module_preset=&#8221;default&#8221; background_color=&#8221;#FAF6F5&#8243; overflow-x=&#8221;hidden&#8221; overflow-y=&#8221;hidden&#8221; use_background_color_gradient_tablet=&#8221;off&#8221; collapsed=&#8221;on&#8221; global_colors_info=&#8221;{%22gcid-cf870a03-80a6-4d88-85c2-0a445fd22166%22:%91%22box_shadow_color%22%93}&#8221;][et_pb_row column_structure=&#8221;1_2,1_2&#8243; use_custom_gutter=&#8221;on&#8221; gutter_width=&#8221;1&#8243; make_equal=&#8221;on&#8221; custom_padding_last_edited=&#8221;off|desktop&#8221; _builder_version=&#8221;4.20.0&#8243; _module_preset=&#8221;default&#8221; custom_padding_tablet=&#8221;60px||||false|false&#8221; custom_padding_phone=&#8221;30px||||false|false&#8221; global_colors_info=&#8221;{%22gcid-cf870a03-80a6-4d88-85c2-0a445fd22166%22:%91%22background_color_gradient_stops%22%93,%22gcid-c22116c1-81a4-4cbf-84dc-c3f928405165%22:%91%22background_color_gradient_stops%22%93}&#8221;][et_pb_column type=&#8221;1_2&#8243; _builder_version=&#8221;4.20.0&#8243; _module_preset=&#8221;default&#8221; background_color=&#8221;#E3DDD4&#8243; custom_padding=&#8221;40px|40px|40px|40px|true|true&#8221; border_radii=&#8221;off|10px|||&#8221; box_shadow_style=&#8221;preset4&#8243; box_shadow_horizontal=&#8221;-20vw&#8221; box_shadow_vertical=&#8221;-20vw&#8221; box_shadow_spread=&#8221;20vw&#8221; box_shadow_color=&#8221;#E3DDD4&#8243; global_colors_info=&#8221;{}&#8221;][et_pb_image src=&#8221;https:\/\/tedx.blis.k12.tr\/wp-content\/uploads\/2024\/03\/Screen-Shot-2024-03-12-at-08.07.42.png&#8221; title_text=&#8221;Screen Shot 2024-03-12 at 08.07.42&#8243; _builder_version=&#8221;4.27.4&#8243; _module_preset=&#8221;default&#8221; global_colors_info=&#8221;{}&#8221;][\/et_pb_image][\/et_pb_column][et_pb_column type=&#8221;1_2&#8243; _builder_version=&#8221;4.20.0&#8243; _module_preset=&#8221;default&#8221; custom_padding=&#8221;|||60px|false|false&#8221; custom_padding_tablet=&#8221;30px|30px|30px|30px|true|true&#8221; custom_padding_phone=&#8221;20px|20px||20px|false|true&#8221; custom_padding_last_edited=&#8221;on|tablet&#8221; global_colors_info=&#8221;{}&#8221;][et_pb_text _builder_version=&#8221;4.27.5&#8243; _module_preset=&#8221;5029b0c8-7730-421a-8ab3-8f5356614197&#8243; custom_margin=&#8221;||30px||false|false&#8221; hover_enabled=&#8221;0&#8243; global_colors_info=&#8221;{}&#8221; sticky_enabled=&#8221;0&#8243;]<\/p>\n<h2>Misyon &amp; Vizyon<\/h2>\n<p>[\/et_pb_text][et_pb_blurb title=&#8221;Misyon&#8221; use_icon=&#8221;on&#8221; font_icon=&#8221;&#x4e;||divi||400&#8243; _builder_version=&#8221;4.27.5&#8243; _module_preset=&#8221;90d2e6c1-2bf5-40e9-8353-d53a9a175e0b&#8221; custom_margin=&#8221;||30px||false|false&#8221; hover_enabled=&#8221;0&#8243; border_color_all=&#8221;gcid-0157c9e8-50f8-41bb-b9f9-1f2c22f48581&#8243; locked=&#8221;off&#8221; global_colors_info=&#8221;{%22gcid-dfca0e9b-c2d5-4a0d-bd54-692f77707a05%22:%91%22text_text_color%22,%22header_5_text_color%22,%22icon_color%22,%22text_text_color%22,%22header_5_text_color%22%93,%22gcid-0157c9e8-50f8-41bb-b9f9-1f2c22f48581%22:%91%22border_color_all%22%93}&#8221; sticky_enabled=&#8221;0&#8243;]<\/p>\n<p><span>Yay\u0131lmaya de\u011fer fikirlerini payla\u015fabilecekleri bir platform sunarak gen\u00e7 sesler arac\u0131l\u0131\u011f\u0131yla merak duygusunu, yarat\u0131c\u0131l\u0131\u011f\u0131 ve anlaml\u0131 sohbetleri te\u015fvik etmeyi ama\u00e7l\u0131yoruz. \u00d6\u011frencilerin ele\u015ftirel d\u00fc\u015f\u00fcnmelerini, cesurca yenilik \u00fcretmelerini ve kendi topluluklar\u0131nda olumlu bir etki yaratmalar\u0131n\u0131 g\u00fc\u00e7lendirmeyi hedefliyoruz.<\/span><\/p>\n<p>[\/et_pb_blurb][et_pb_blurb title=&#8221;Visyon&#8221; use_icon=&#8221;on&#8221; font_icon=&#8221;&#x4e;||divi||400&#8243; _builder_version=&#8221;4.27.5&#8243; _module_preset=&#8221;90d2e6c1-2bf5-40e9-8353-d53a9a175e0b&#8221; custom_margin=&#8221;||30px||false|false&#8221; hover_enabled=&#8221;0&#8243; border_color_all=&#8221;gcid-0157c9e8-50f8-41bb-b9f9-1f2c22f48581&#8243; locked=&#8221;off&#8221; global_colors_info=&#8221;{%22gcid-dfca0e9b-c2d5-4a0d-bd54-692f77707a05%22:%91%22text_text_color%22,%22header_5_text_color%22,%22icon_color%22,%22text_text_color%22,%22header_5_text_color%22%93,%22gcid-0157c9e8-50f8-41bb-b9f9-1f2c22f48581%22:%91%22border_color_all%22%93}&#8221; sticky_enabled=&#8221;0&#8243;]<\/p>\n<p><span>Fikirlerin de\u011fi\u015fimi ba\u015flatt\u0131\u011f\u0131, gen\u00e7 seslerin de\u011fer g\u00f6rd\u00fc\u011f\u00fc ve her kat\u0131l\u0131mc\u0131n\u0131n d\u00fcnyada fark yaratmaya haz\u0131r, motive ve ilham alm\u0131\u015f \u015fekilde ayr\u0131ld\u0131\u011f\u0131 bir topluluk olu\u015fturmak.<\/span><\/p>\n<p>[\/et_pb_blurb][\/et_pb_column][\/et_pb_row][\/et_pb_section][et_pb_section fb_built=&#8221;1&#8243; admin_label=&#8221;Footer&#8221; _builder_version=&#8221;4.20.0&#8243; _module_preset=&#8221;default&#8221; background_color=&#8221;gcid-dfca0e9b-c2d5-4a0d-bd54-692f77707a05&#8243; use_background_color_gradient=&#8221;on&#8221; background_color_gradient_stops=&#8221;#faf6f5 30%|rgba(255,255,255,0) 30%&#8221; custom_padding=&#8221;||||false|false&#8221; saved_tabs=&#8221;all&#8221; collapsed=&#8221;on&#8221; global_colors_info=&#8221;{%22gcid-dfca0e9b-c2d5-4a0d-bd54-692f77707a05%22:%91%22background_color%22%93}&#8221;][et_pb_row _builder_version=&#8221;4.20.0&#8243; _module_preset=&#8221;default&#8221; background_color=&#8221;gcid-ad629ad7-29bc-4d34-a428-476c380868ee&#8221; custom_margin=&#8221;||30px||false|false&#8221; custom_padding=&#8221;60px|60px|60px|60px|true|true&#8221; border_radii=&#8221;on|10px|10px|10px|10px&#8221; global_colors_info=&#8221;{%22gcid-ad629ad7-29bc-4d34-a428-476c380868ee%22:%91%22background_color%22%93}&#8221;][et_pb_column type=&#8221;4_4&#8243; _builder_version=&#8221;4.20.0&#8243; _module_preset=&#8221;default&#8221; global_colors_info=&#8221;{}&#8221;][et_pb_signup mailchimp_list=&#8221;elegantthemestest|1ea2bbd026&#8243; layout=&#8221;top_bottom&#8221; first_name_field=&#8221;off&#8221; last_name_field=&#8221;off&#8221; _builder_version=&#8221;4.27.5&#8243; _module_preset=&#8221;be9aa6b8-0b5b-4217-9c49-25e628758bb4&#8243; form_field_text_color=&#8221;#FFFFFF&#8221; form_field_text_align=&#8221;center&#8221; button_text_color=&#8221;#CA352C&#8221; button_bg_color=&#8221;#FFFFFF&#8221; max_width=&#8221;600px&#8221; module_alignment=&#8221;center&#8221; hover_enabled=&#8221;0&#8243; border_color_all_fields=&#8221;#FFFFFF&#8221; global_colors_info=&#8221;{%22gcid-ad629ad7-29bc-4d34-a428-476c380868ee%22:%91%22button_border_color%22,%22button_border_color%22,%22button_border_color%22,%22button_border_color%22,%22button_border_color%22%93,%22gcid-dfca0e9b-c2d5-4a0d-bd54-692f77707a05%22:%91%22form_field_text_color%22,%22border_color_all%22,%22border_color_all_fields%22,%22form_field_text_color%22,%22border_color_all%22,%22border_color_all_fields%22,%22form_field_text_color%22,%22border_color_all%22,%22border_color_all%22,%22border_color_all%22%93}&#8221; button_text=&#8221;Abonelik&#8221; sticky_enabled=&#8221;0&#8243;][\/et_pb_signup][\/et_pb_column][\/et_pb_row][et_pb_row column_structure=&#8221;1_3,1_3,1_3&#8243; _builder_version=&#8221;4.20.0&#8243; _module_preset=&#8221;default&#8221; max_width=&#8221;960px&#8221; global_colors_info=&#8221;{}&#8221;][et_pb_column type=&#8221;1_3&#8243; _builder_version=&#8221;4.20.0&#8243; _module_preset=&#8221;default&#8221; global_colors_info=&#8221;{}&#8221;][et_pb_text _builder_version=&#8221;4.20.0&#8243; _module_preset=&#8221;bbd5220b-9d2e-44ae-9c90-fde44ff75b86&#8243; link_text_color=&#8221;#FFFFFF&#8221; custom_margin=&#8221;||10px||false|false&#8221; global_colors_info=&#8221;{}&#8221;]<a href=\"#\">Calendar<\/a>[\/et_pb_text][et_pb_text _builder_version=&#8221;4.20.0&#8243; _module_preset=&#8221;bbd5220b-9d2e-44ae-9c90-fde44ff75b86&#8243; link_text_color=&#8221;#FFFFFF&#8221; custom_margin=&#8221;||10px||false|false&#8221; global_colors_info=&#8221;{}&#8221;]<a href=\"#\">Tickets<\/a>[\/et_pb_text][et_pb_text _builder_version=&#8221;4.20.0&#8243; _module_preset=&#8221;bbd5220b-9d2e-44ae-9c90-fde44ff75b86&#8243; link_text_color=&#8221;#FFFFFF&#8221; custom_margin=&#8221;||10px||false|false&#8221; global_colors_info=&#8221;{}&#8221;]<a href=\"#\">Ticket Policies<\/a>[\/et_pb_text][et_pb_text _builder_version=&#8221;4.20.0&#8243; _module_preset=&#8221;bbd5220b-9d2e-44ae-9c90-fde44ff75b86&#8243; link_text_color=&#8221;#FFFFFF&#8221; custom_margin=&#8221;||10px||false|false&#8221; global_colors_info=&#8221;{}&#8221;]<a href=\"#\">The Venue<\/a>[\/et_pb_text][et_pb_text _builder_version=&#8221;4.20.0&#8243; _module_preset=&#8221;bbd5220b-9d2e-44ae-9c90-fde44ff75b86&#8243; link_text_color=&#8221;#FFFFFF&#8221; custom_margin=&#8221;||10px||false|false&#8221; global_colors_info=&#8221;{}&#8221;]<a href=\"#\">Events<\/a>[\/et_pb_text][\/et_pb_column][et_pb_column type=&#8221;1_3&#8243; _builder_version=&#8221;4.20.0&#8243; _module_preset=&#8221;default&#8221; global_colors_info=&#8221;{}&#8221;][et_pb_text _builder_version=&#8221;4.20.0&#8243; _module_preset=&#8221;bbd5220b-9d2e-44ae-9c90-fde44ff75b86&#8243; link_text_color=&#8221;#FFFFFF&#8221; custom_margin=&#8221;||10px||false|false&#8221; global_colors_info=&#8221;{}&#8221;]<a href=\"#\">About<\/a>[\/et_pb_text][et_pb_text _builder_version=&#8221;4.20.0&#8243; _module_preset=&#8221;bbd5220b-9d2e-44ae-9c90-fde44ff75b86&#8243; link_text_color=&#8221;#FFFFFF&#8221; custom_margin=&#8221;||10px||false|false&#8221; global_colors_info=&#8221;{}&#8221;]<a href=\"#\">FAQ<\/a>[\/et_pb_text][et_pb_text _builder_version=&#8221;4.20.0&#8243; _module_preset=&#8221;bbd5220b-9d2e-44ae-9c90-fde44ff75b86&#8243; link_text_color=&#8221;#FFFFFF&#8221; custom_margin=&#8221;||10px||false|false&#8221; global_colors_info=&#8221;{}&#8221;]<a href=\"#\">Terms &#038; Conditions<\/a>[\/et_pb_text][et_pb_text _builder_version=&#8221;4.20.0&#8243; _module_preset=&#8221;bbd5220b-9d2e-44ae-9c90-fde44ff75b86&#8243; link_text_color=&#8221;#FFFFFF&#8221; custom_margin=&#8221;||10px||false|false&#8221; global_colors_info=&#8221;{}&#8221;]<a href=\"#\">Privacy<\/a>[\/et_pb_text][et_pb_text _builder_version=&#8221;4.20.0&#8243; _module_preset=&#8221;bbd5220b-9d2e-44ae-9c90-fde44ff75b86&#8243; link_text_color=&#8221;#FFFFFF&#8221; custom_margin=&#8221;||10px||false|false&#8221; global_colors_info=&#8221;{}&#8221;]<a href=\"#\">Sitemap<\/a>[\/et_pb_text][et_pb_text _builder_version=&#8221;4.20.0&#8243; _module_preset=&#8221;bbd5220b-9d2e-44ae-9c90-fde44ff75b86&#8243; link_text_color=&#8221;#FFFFFF&#8221; custom_margin=&#8221;||10px||false|false&#8221; global_colors_info=&#8221;{}&#8221;]<a href=\"#\">Contact<\/a>[\/et_pb_text][\/et_pb_column][et_pb_column type=&#8221;1_3&#8243; _builder_version=&#8221;4.20.0&#8243; _module_preset=&#8221;default&#8221; global_colors_info=&#8221;{}&#8221;][et_pb_text _builder_version=&#8221;4.20.0&#8243; _module_preset=&#8221;bbd5220b-9d2e-44ae-9c90-fde44ff75b86&#8243; link_text_color=&#8221;#FFFFFF&#8221; custom_margin=&#8221;||10px||false|false&#8221; global_colors_info=&#8221;{}&#8221;]<a href=\"#\">Contact Us<\/a>[\/et_pb_text][et_pb_text _builder_version=&#8221;4.20.0&#8243; _module_preset=&#8221;bbd5220b-9d2e-44ae-9c90-fde44ff75b86&#8243; link_text_color=&#8221;#FFFFFF&#8221; custom_margin=&#8221;||10px||false|false&#8221; global_colors_info=&#8221;{}&#8221;]<a href=\"#\">Memberships<\/a>[\/et_pb_text][et_pb_text _builder_version=&#8221;4.20.0&#8243; _module_preset=&#8221;bbd5220b-9d2e-44ae-9c90-fde44ff75b86&#8243; link_text_color=&#8221;#FFFFFF&#8221; custom_margin=&#8221;||10px||false|false&#8221; global_colors_info=&#8221;{}&#8221;]<a href=\"#\">Get the App<\/a>[\/et_pb_text][et_pb_text _builder_version=&#8221;4.20.0&#8243; _module_preset=&#8221;bbd5220b-9d2e-44ae-9c90-fde44ff75b86&#8243; link_text_color=&#8221;#FFFFFF&#8221; custom_margin=&#8221;||10px||false|false&#8221; global_colors_info=&#8221;{}&#8221;]<a href=\"#\">Exhibits<\/a>[\/et_pb_text][et_pb_text _builder_version=&#8221;4.20.0&#8243; _module_preset=&#8221;bbd5220b-9d2e-44ae-9c90-fde44ff75b86&#8243; link_text_color=&#8221;#FFFFFF&#8221; custom_margin=&#8221;||10px||false|false&#8221; global_colors_info=&#8221;{}&#8221;]<a href=\"#\">Watch Online<\/a>[\/et_pb_text][\/et_pb_column][\/et_pb_row][et_pb_row _builder_version=&#8221;4.20.0&#8243; _module_preset=&#8221;default&#8221; global_colors_info=&#8221;{}&#8221;][et_pb_column type=&#8221;4_4&#8243; _builder_version=&#8221;4.20.0&#8243; _module_preset=&#8221;default&#8221; global_colors_info=&#8221;{}&#8221;][et_pb_social_media_follow _builder_version=&#8221;4.20.0&#8243; _module_preset=&#8221;default&#8221; text_orientation=&#8221;center&#8221; locked=&#8221;off&#8221; global_colors_info=&#8221;{}&#8221;][et_pb_social_media_follow_network social_network=&#8221;facebook&#8221; _builder_version=&#8221;4.20.0&#8243; _module_preset=&#8221;default&#8221; global_colors_info=&#8221;{}&#8221; follow_button=&#8221;off&#8221; url_new_window=&#8221;on&#8221;]facebook[\/et_pb_social_media_follow_network][et_pb_social_media_follow_network social_network=&#8221;twitter&#8221; _builder_version=&#8221;4.20.0&#8243; _module_preset=&#8221;default&#8221; global_colors_info=&#8221;{}&#8221; follow_button=&#8221;off&#8221; url_new_window=&#8221;on&#8221;]twitter[\/et_pb_social_media_follow_network][et_pb_social_media_follow_network social_network=&#8221;instagram&#8221; _builder_version=&#8221;4.20.0&#8243; _module_preset=&#8221;default&#8221; global_colors_info=&#8221;{}&#8221; follow_button=&#8221;off&#8221; url_new_window=&#8221;on&#8221;]instagram[\/et_pb_social_media_follow_network][\/et_pb_social_media_follow][\/et_pb_column][\/et_pb_row][\/et_pb_section]<\/p>\n","protected":false},"excerpt":{"rendered":"<p>Hakk\u0131m\u0131zdaSanat\u0131 desteklemekTEDxBLIS Youth, BLIS \u00f6\u011frencileri taraf\u0131ndan y\u00fcr\u00fct\u00fclen, ba\u011f\u0131ms\u0131z olarak organize edilen bir TEDx etkinli\u011fidir ve yay\u0131lmaya de\u011fer fikirleri kutlamak ve payla\u015fmak amac\u0131yla d\u00fczenlenmektedir. Misyonumuz; okulumuz ve yerel toplulu\u011fumuz i\u00e7inde merak duygusunu, yarat\u0131c\u0131l\u0131\u011f\u0131 ve anlaml\u0131 sohbetleri te\u015fvik etmektir. Her y\u0131l, bak\u0131\u015f a\u00e7\u0131lar\u0131n\u0131 sorgulayan ve harekete ge\u00e7iren hik\u00e2ye ve fikirlerini payla\u015fmak \u00fczere tutkulu \u00f6\u011frenci konu\u015fmac\u0131lar\u0131, performans sanat\u00e7\u0131lar\u0131n\u0131 [&hellip;]<\/p>\n","protected":false},"author":1,"featured_media":0,"parent":0,"menu_order":0,"comment_status":"closed","ping_status":"closed","template":"","meta":{"_et_pb_use_builder":"on","_et_pb_old_content":"<!-- wp:group -->\n<div class=\"wp-block-group\"><!-- wp:html -->\n<div id=\"testimonials-5\" class=\"testimonials-5 content-section content-section-spacing\" style=\"background-color: #f5fafd; background-image: none;\" data-label=\"Testimonials\" data-id=\"testimonials-5\" data-export-id=\"testimonials-5\" data-category=\"testimonials\">\n<div class=\"gridContainer\">\n<div class=\"row\">\n<div class=\"section-title-col\" data-type=\"column\">\n<h2 class=\"\">Our Organizing Team<\/h2>\n<!-- just saying the only edit i did here was to change an s to a z americano me hehe-->\n<!-- Helpful website^^^ -->\n<\/div>\n<\/div>\n<div class=\"row spaced-cols content-center-sm\" data-type=\"row\">\n<div class=\"col-sm-4 col-md-3 \">\n<div class=\"card y-move bordered\" data-type=\"column\">\n<p><img class=\"round icon\" title=\"cropped-580467-2.jpeg\" src=\"http:\/\/tedx.blisankara.org\/wp-content\/uploads\/2020\/02\/cropped-580467-2.jpeg\" alt=\"\"><\/p>\n<h6 class=\"end\">Hazel Se\u00e7kin<\/h6>\n<p class=\"small italic\">Director<\/p>\n<\/div>\n<\/div>\n<div class=\"col-sm-4 col-md-3 \">\n<div class=\"card y-move bordered\" data-type=\"column\">\n<p><img class=\"round icon\" title=\"http:\/\/tedx.blisankara.org\/wp-content\/uploads\/2020\/02\/209dc421-a7f1-493a-bb12-9f0c967fd7e4-1.jpg\" src=\"http:\/\/tedx.blisankara.org\/wp-content\/uploads\/2021\/02\/Screenshot-2021-02-10-at-14.52.00.png\" alt=\"\"><\/p>\n<h6 class=\"end\">Gunes T\u00fcfek\u00e7i<\/h6>\n<p class=\"small italic\">Organizer<\/p>\n<\/div>\n<\/div>\n<div class=\"col-sm-4 col-md-3 \">\n<div class=\"card y-move bordered\" data-type=\"column\">\n<p><img class=\"round icon\" title=\"cropped-43d67992-a799-4a89-80aa-9fdc7f70b0e4-1-1.jpg\" src=\"http:\/\/tedx.blisankara.org\/wp-content\/uploads\/2022\/02\/Idil-removebg-preview.png\" alt=\"\"><\/p>\n<h6 class=\"end\">Idil Cepni<\/h6>\n<p class=\"small italic\">Co-Organizer<\/p>\n<\/div>\n<\/div>\n<div class=\"col-sm-4 col-md-3 \">\n<div class=\"card y-move bordered\" data-type=\"column\">\n<p><img class=\"round icon\" title=\"cropped-fe0fe406-52cd-4089-8199-08a50130df8e.jpg\" src=\"http:\/\/tedx.blisankara.org\/wp-content\/uploads\/2022\/01\/image_2022-01-05_133143.png\" alt=\"\"><\/p>\n<h6 class=\"end\">Yousef Ewis<\/h6>\n<p class=\"small italic\">IT Manager &amp; Deputy<\/p>\n<\/div>\n<\/div>\n<div class=\"col-sm-4 col-md-3 \">\n<div class=\"card y-move bordered\" data-type=\"column\">\n<p><img class=\"round icon\" title=\"cropped-fe268953-952c-4ab2-8cc9-87f8d91598ed.jpg\" src=\"http:\/\/tedx.blisankara.org\/wp-content\/uploads\/2022\/02\/Irmak-removebg-preview.png\" alt=\"\"><\/p>\n<h6 class=\"end\">Irmak Akmut<\/h6>\n<p class=\"small italic\">Public Relations<\/p>\n<\/div>\n<\/div>\n<div class=\"col-sm-4 col-md-3 \">\n<div class=\"card y-move bordered\" data-type=\"column\">\n<p><img class=\"round icon\" title=\"cropped-783f8568-40c3-4a5e-bf95-7c9e46e47381.jpg\" src=\"http:\/\/tedx.blisankara.org\/wp-content\/uploads\/2022\/02\/ezgi-removebg-preview.png\" alt=\"\"><\/p>\n<h6 class=\"end\">Melisa Ezgi Guleryuz<\/h6>\n<p class=\"small italic\">Speaker Affairs<\/p>\n<\/div>\n<\/div>\n<div class=\"col-sm-4 col-md-3 \">\n<div class=\"card y-move bordered\" data-type=\"column\">\n<p><img class=\"round icon\" title=\"cropped-783f8568-40c3-4a5e-bf95-7c9e46e47381.jpg\" src=\"http:\/\/tedx.blisankara.org\/wp-content\/uploads\/2022\/02\/Defne_ceylan-removebg-preview.png\" alt=\"\"><\/p>\n<h6 class=\"end\">Defne Ceylan<\/h6>\n<p class=\"small italic\">Speaker Affairs<\/p>\n<\/div>\n<\/div>\n<div class=\"col-sm-4 col-md-3 \">\n<div class=\"card y-move bordered\" data-type=\"column\">\n<p><img class=\"round icon\" title=\"cropped-783f8568-40c3-4a5e-bf95-7c9e46e47381.jpg\" src=\"http:\/\/tedx.blisankara.org\/wp-content\/uploads\/2022\/02\/Didem-removebg-preview.png\" alt=\"\"><\/p>\n<h6 class=\"end\">Didem Celikten<\/h6>\n<p class=\"small italic\">Head of Deputy<\/p>\n<\/div>\n<\/div>\n<div class=\"col-sm-4 col-md-3 \">\n<div class=\"card y-move bordered\" data-type=\"column\">\n<p><img class=\"round icon\" title=\"cropped-fe268953-952c-4ab2-8cc9-87f8d91598ed.jpg\" src=\"http:\/\/tedx.blisankara.org\/wp-content\/uploads\/2022\/02\/Beste-removebg-preview.png\" alt=\"\"><\/p>\n<h6 class=\"end\">Beste Teksam<\/h6>\n<p class=\"small italic\">Design Manager<\/p>\n<\/div> \n<\/div>\n<div class=\"col-sm-4 col-md-3 \">\n<div class=\"card y-move bordered\" data-type=\"column\">\n<p><img class=\"round icon\" title=\"http:\/\/tedx.blisankara.org\/wp-content\/uploads\/2021\/02\/Screenshot-2021-02-10-at-15.07.01.png\" src=\"http:\/\/tedx.blisankara.org\/wp-content\/uploads\/2022\/02\/Ali_fuat-removebg-preview.png\" alt=\"\"><\/p>\n<h6 class=\"end\">Ali Fuat Erdogan<\/h6>\n<p class=\"small italic\">Deputy<\/p>\n<\/div>\n<\/div>\n<div class=\"col-sm-4 col-md-3 \">\n<div class=\"card y-move bordered\" data-type=\"column\">\n<p><img class=\"round icon\" title=\"http:\/\/tedx.blisankara.org\/wp-content\/uploads\/2022\/02\/Alya-removebg-preview.png\" src=\"http:\/\/tedx.blisankara.org\/wp-content\/uploads\/2022\/02\/Alya-removebg-preview.png\" alt=\"\"><\/p>\n<h6 class=\"end\">Alya Bengi<\/h6>\n<p class=\"small italic\">Deputy<\/p>\n<\/div>\n<\/div>\n<div class=\"col-sm-4 col-md-3 \">\n<div class=\"card y-move bordered\" data-type=\"column\">\n<p><img class=\"round icon\" title=\"cropped-dcc266bf-9342-4377-afc7-7deb9450b9d5.jpg\" src=\"http:\/\/tedx.blisankara.org\/wp-content\/uploads\/2022\/02\/image_2022-02-23_205807-removebg-preview.png\" alt=\"\"><\/p>\n<h6 class=\"end\">Lal Kunar<\/h6>\n<p class=\"small italic\">Deputy<\/p>\n<\/div>\n<\/div>\n<div class=\"col-sm-4 col-md-3 \">\n<div class=\"card y-move bordered\" data-type=\"column\">\n<p><img class=\"round icon\" title=\"cropped-dcc266bf-9342-4377-afc7-7deb9450b9d5.jpg\" src=\"http:\/\/tedx.blisankara.org\/wp-content\/uploads\/2022\/02\/Ceylin_Ucan-removebg-preview.png\" alt=\"\"><\/p>\n<h6 class=\"end\">Ceylin Ucan<\/h6>\n<p class=\"small italic\">Deputy<\/p>\n<\/div>\n<\/div>\n<div class=\"col-sm-4 col-md-3 \">\n<div class=\"card y-move bordered\" data-type=\"column\">\n<p><img class=\"round icon\" title=\"cropped-TEDX-Logo-Ver1-9.png\" src=\"http:\/\/tedx.blisankara.org\/wp-content\/uploads\/2022\/02\/Defne-removebg-preview.png\" alt=\"\"><\/p>\n<h6 class=\"end\">Defne Pi\u015fken<\/h6>\n<p class=\"small italic\">Deputy<\/p>\n\n<\/div>\n<\/div>\n<div class=\"col-sm-4 col-md-3 \">\n<div class=\"card y-move bordered\" data-type=\"column\">\n<p><img class=\"round icon\" title=\"cropped-TEDX-Logo-Ver1-9.png\" src=\"http:\/\/tedx.blisankara.org\/wp-content\/uploads\/2022\/02\/Efe_Boran-removebg-preview.png\" alt=\"\"><\/p>\n<h6 class=\"end\">Efe Boran G\u00fcler<\/h6>\n<p class=\"small italic\">Deputy<\/p>\n<!-- \/wp:html --><\/div>\n<!-- \/wp:group -->\n\n<!-- wp:paragraph {\"fontSize\":\"normal\"} -->\n<p class=\"has-normal-font-size\"><\/p>\n<!-- \/wp:paragraph -->","_et_gb_content_width":"","footnotes":""},"class_list":["post-463","page","type-page","status-publish","hentry"],"_links":{"self":[{"href":"https:\/\/tedx.blis.k12.tr\/index.php?rest_route=\/wp\/v2\/pages\/463","targetHints":{"allow":["GET"]}}],"collection":[{"href":"https:\/\/tedx.blis.k12.tr\/index.php?rest_route=\/wp\/v2\/pages"}],"about":[{"href":"https:\/\/tedx.blis.k12.tr\/index.php?rest_route=\/wp\/v2\/types\/page"}],"author":[{"embeddable":true,"href":"https:\/\/tedx.blis.k12.tr\/index.php?rest_route=\/wp\/v2\/users\/1"}],"replies":[{"embeddable":true,"href":"https:\/\/tedx.blis.k12.tr\/index.php?rest_route=%2Fwp%2Fv2%2Fcomments&post=463"}],"version-history":[{"count":68,"href":"https:\/\/tedx.blis.k12.tr\/index.php?rest_route=\/wp\/v2\/pages\/463\/revisions"}],"predecessor-version":[{"id":1135,"href":"https:\/\/tedx.blis.k12.tr\/index.php?rest_route=\/wp\/v2\/pages\/463\/revisions\/1135"}],"wp:attachment":[{"href":"https:\/\/tedx.blis.k12.tr\/index.php?rest_route=%2Fwp%2Fv2%2Fmedia&parent=463"}],"curies":[{"name":"wp","href":"https:\/\/api.w.org\/{rel}","templated":true}]}}